{"id":24573,"date":"2023-12-15T13:07:35","date_gmt":"2023-12-15T12:07:35","guid":{"rendered":"https:\/\/olarysuje.pl\/?page_id=24573"},"modified":"2023-12-15T14:24:20","modified_gmt":"2023-12-15T13:24:20","slug":"24573-2","status":"publish","type":"page","link":"https:\/\/olarysuje.pl\/?page_id=24573","title":{"rendered":"Panda z bambusami"},"content":{"rendered":"\n<p>Wysoko\u015b\u0107 ca\u0142kowita: 180 cm<\/p>\n\n\n\n<p>Szeroko\u015b\u0107 ca\u0142kowita: 190 cm<\/p>\n\n\n\n<div class=\"wp-block-columns is-layout-flex wp-container-core-columns-is-layout-28f84493 wp-block-columns-is-layout-flex\">\n<div class=\"wp-block-column is-layout-flow wp-block-column-is-layout-flow\">\n<figure class=\"wp-block-image size-full is-resized\"><img fetchpriority=\"high\" decoding=\"async\" width=\"750\" height=\"1000\" src=\"https:\/\/olarysuje.pl\/wp-content\/uploads\/2023\/12\/panda5-1.png\" alt=\"\" class=\"wp-image-24581\" style=\"width:384px;height:auto\" srcset=\"https:\/\/olarysuje.pl\/wp-content\/uploads\/2023\/12\/panda5-1.png 750w, https:\/\/olarysuje.pl\/wp-content\/uploads\/2023\/12\/panda5-1-225x300.png 225w\" sizes=\"(max-width: 750px) 100vw, 750px\" \/><\/figure>\n<\/div>\n\n\n\n<div class=\"wp-block-column is-layout-flow wp-block-column-is-layout-flow\">\n<figure class=\"wp-block-image size-full\"><img decoding=\"async\" width=\"750\" height=\"1000\" src=\"https:\/\/olarysuje.pl\/wp-content\/uploads\/2023\/12\/panda8-1.png\" alt=\"\" class=\"wp-image-24579\" srcset=\"https:\/\/olarysuje.pl\/wp-content\/uploads\/2023\/12\/panda8-1.png 750w, https:\/\/olarysuje.pl\/wp-content\/uploads\/2023\/12\/panda8-1-225x300.png 225w\" sizes=\"(max-width: 750px) 100vw, 750px\" \/><\/figure>\n<\/div>\n\n\n\n<div class=\"wp-block-column is-layout-flow wp-block-column-is-layout-flow\">\n<figure class=\"wp-block-image size-full\"><img decoding=\"async\" width=\"750\" height=\"1000\" src=\"https:\/\/olarysuje.pl\/wp-content\/uploads\/2023\/12\/panda2.png\" alt=\"\" class=\"wp-image-24537\" srcset=\"https:\/\/olarysuje.pl\/wp-content\/uploads\/2023\/12\/panda2.png 750w, https:\/\/olarysuje.pl\/wp-content\/uploads\/2023\/12\/panda2-225x300.png 225w\" sizes=\"(max-width: 750px) 100vw, 750px\" \/><\/figure>\n<\/div>\n<\/div>\n\n\n\n<div class=\"wp-block-columns is-layout-flex wp-container-core-columns-is-layout-28f84493 wp-block-columns-is-layout-flex\">\n<div class=\"wp-block-column is-layout-flow wp-block-column-is-layout-flow\">\n<figure class=\"wp-block-image size-full is-resized\"><img loading=\"lazy\" decoding=\"async\" width=\"694\" height=\"925\" src=\"https:\/\/olarysuje.pl\/wp-content\/uploads\/2023\/12\/panda10.png\" alt=\"\" class=\"wp-image-24540\" style=\"width:384px;height:auto\" srcset=\"https:\/\/olarysuje.pl\/wp-content\/uploads\/2023\/12\/panda10.png 694w, https:\/\/olarysuje.pl\/wp-content\/uploads\/2023\/12\/panda10-225x300.png 225w\" sizes=\"(max-width: 694px) 100vw, 694px\" \/><\/figure>\n<\/div>\n\n\n\n<div class=\"wp-block-column is-layout-flow wp-block-column-is-layout-flow\">\n<figure class=\"wp-block-image size-full\"><img loading=\"lazy\" decoding=\"async\" width=\"750\" height=\"1000\" src=\"https:\/\/olarysuje.pl\/wp-content\/uploads\/2023\/12\/panda7.png\" alt=\"\" class=\"wp-image-24539\" srcset=\"https:\/\/olarysuje.pl\/wp-content\/uploads\/2023\/12\/panda7.png 750w, https:\/\/olarysuje.pl\/wp-content\/uploads\/2023\/12\/panda7-225x300.png 225w\" sizes=\"(max-width: 750px) 100vw, 750px\" \/><\/figure>\n<\/div>\n\n\n\n<div class=\"wp-block-column is-layout-flow wp-block-column-is-layout-flow\">\n<figure class=\"wp-block-image size-full\"><img decoding=\"async\" src=\"https:\/\/olarysuje.pl\/wp-content\/uploads\/2023\/12\/panda.png\" alt=\"\" class=\"wp-image-24513\"\/><\/figure>\n<\/div>\n<\/div>\n","protected":false},"excerpt":{"rendered":"<p>Wysoko\u015b\u0107 ca\u0142kowita: 180 cm Szeroko\u015b\u0107 ca\u0142kowita: 190 cm<\/p>\n","protected":false},"author":1,"featured_media":0,"parent":0,"menu_order":0,"comment_status":"closed","ping_status":"closed","template":"","meta":{"footnotes":""},"class_list":["post-24573","page","type-page","status-publish","hentry"],"aioseo_notices":[],"_links":{"self":[{"href":"https:\/\/olarysuje.pl\/index.php?rest_route=\/wp\/v2\/pages\/24573","targetHints":{"allow":["GET"]}}],"collection":[{"href":"https:\/\/olarysuje.pl\/index.php?rest_route=\/wp\/v2\/pages"}],"about":[{"href":"https:\/\/olarysuje.pl\/index.php?rest_route=\/wp\/v2\/types\/page"}],"author":[{"embeddable":true,"href":"https:\/\/olarysuje.pl\/index.php?rest_route=\/wp\/v2\/users\/1"}],"replies":[{"embeddable":true,"href":"https:\/\/olarysuje.pl\/index.php?rest_route=%2Fwp%2Fv2%2Fcomments&post=24573"}],"version-history":[{"count":8,"href":"https:\/\/olarysuje.pl\/index.php?rest_route=\/wp\/v2\/pages\/24573\/revisions"}],"predecessor-version":[{"id":24591,"href":"https:\/\/olarysuje.pl\/index.php?rest_route=\/wp\/v2\/pages\/24573\/revisions\/24591"}],"wp:attachment":[{"href":"https:\/\/olarysuje.pl\/index.php?rest_route=%2Fwp%2Fv2%2Fmedia&parent=24573"}],"curies":[{"name":"wp","href":"https:\/\/api.w.org\/{rel}","templated":true}]}}