{"id":24604,"date":"2023-12-17T15:20:07","date_gmt":"2023-12-17T14:20:07","guid":{"rendered":"https:\/\/olarysuje.pl\/?page_id=24604"},"modified":"2023-12-17T15:20:07","modified_gmt":"2023-12-17T14:20:07","slug":"masz-pytanie","status":"publish","type":"page","link":"https:\/\/olarysuje.pl\/?page_id=24604","title":{"rendered":"Masz pytanie?"},"content":{"rendered":"\n<div class=\"wp-block-columns is-layout-flex wp-container-core-columns-is-layout-28f84493 wp-block-columns-is-layout-flex\">\n<div class=\"wp-block-column is-layout-flow wp-block-column-is-layout-flow\"><div class=\"wpforms-container wpforms-block wpforms-block-e1e7f5f3-81bf-47b1-b604-36bb83e79376\" id=\"wpforms-39\"><form id=\"wpforms-form-39\" class=\"wpforms-validate wpforms-form\" data-formid=\"39\" method=\"post\" enctype=\"multipart\/form-data\" action=\"\/index.php?rest_route=%2Fwp%2Fv2%2Fpages%2F24604\" data-token=\"5a822849557f4b5c1360e111bc896080\"><noscript class=\"wpforms-error-noscript\">Aby wype\u0142ni\u0107 ten formularz, w\u0142\u0105cz obs\u0142ug\u0119 JavaScript w przegl\u0105darce.<\/noscript><div class=\"wpforms-field-container\"><div id=\"wpforms-39-field_4-container\" class=\"wpforms-field wpforms-field-email\" data-field-id=\"4\"><label class=\"wpforms-field-label\" for=\"wpforms-39-field_4\">Adres e-mail<\/label><input type=\"email\" id=\"wpforms-39-field_4\" class=\"wpforms-field-medium\" name=\"wpforms[fields][4]\" spellcheck=\"false\" ><\/div><div id=\"wpforms-39-field_8-container\" class=\"wpforms-field wpforms-field-text\" data-field-id=\"8\"><label class=\"wpforms-field-label\" for=\"wpforms-39-field_8\">Numer telefonu<\/label><input type=\"text\" id=\"wpforms-39-field_8\" class=\"wpforms-field-medium\" name=\"wpforms[fields][8]\" ><\/div><div id=\"wpforms-39-field_7-container\" class=\"wpforms-field wpforms-field-textarea\" data-field-id=\"7\"><label class=\"wpforms-field-label\" for=\"wpforms-39-field_7\">Twoja wiadomo\u015b\u0107<\/label><textarea id=\"wpforms-39-field_7\" class=\"wpforms-field-medium\" name=\"wpforms[fields][7]\" ><\/textarea><\/div><\/div><!-- .wpforms-field-container --><div class=\"wpforms-submit-container\" ><input type=\"hidden\" name=\"wpforms[id]\" value=\"39\"><input type=\"hidden\" name=\"wpforms[author]\" value=\"1\"><button type=\"submit\" name=\"wpforms[submit]\" id=\"wpforms-submit-39\" class=\"wpforms-submit\" data-alt-text=\"wysy\u0142anie...\" data-submit-text=\"wy\u015blij\" aria-live=\"assertive\" value=\"wpforms-submit\">wy\u015blij<\/button><\/div><\/form><\/div>  <!-- .wpforms-container --><\/div>\n<\/div>\n","protected":false},"excerpt":{"rendered":"","protected":false},"author":1,"featured_media":0,"parent":0,"menu_order":0,"comment_status":"closed","ping_status":"closed","template":"","meta":{"footnotes":""},"class_list":["post-24604","page","type-page","status-publish","hentry"],"aioseo_notices":[],"_links":{"self":[{"href":"https:\/\/olarysuje.pl\/index.php?rest_route=\/wp\/v2\/pages\/24604","targetHints":{"allow":["GET"]}}],"collection":[{"href":"https:\/\/olarysuje.pl\/index.php?rest_route=\/wp\/v2\/pages"}],"about":[{"href":"https:\/\/olarysuje.pl\/index.php?rest_route=\/wp\/v2\/types\/page"}],"author":[{"embeddable":true,"href":"https:\/\/olarysuje.pl\/index.php?rest_route=\/wp\/v2\/users\/1"}],"replies":[{"embeddable":true,"href":"https:\/\/olarysuje.pl\/index.php?rest_route=%2Fwp%2Fv2%2Fcomments&post=24604"}],"version-history":[{"count":1,"href":"https:\/\/olarysuje.pl\/index.php?rest_route=\/wp\/v2\/pages\/24604\/revisions"}],"predecessor-version":[{"id":24605,"href":"https:\/\/olarysuje.pl\/index.php?rest_route=\/wp\/v2\/pages\/24604\/revisions\/24605"}],"wp:attachment":[{"href":"https:\/\/olarysuje.pl\/index.php?rest_route=%2Fwp%2Fv2%2Fmedia&parent=24604"}],"curies":[{"name":"wp","href":"https:\/\/api.w.org\/{rel}","templated":true}]}}